{"id":5048,"date":"2021-05-15T08:13:20","date_gmt":"2021-05-15T08:13:20","guid":{"rendered":"https:\/\/www.ergheia2.com\/?page_id=5048"},"modified":"2021-05-27T04:50:49","modified_gmt":"2021-05-27T04:50:49","slug":"superbonus_sicuro","status":"publish","type":"page","link":"https:\/\/www.ergheia2.com\/en\/superbonus_sicuro\/","title":{"rendered":"SuperBonus Sicuro"},"content":{"rendered":"<div class=\"vc_row wpb_row vc_row-fluid\"><div class=\"wpb_column vc_column_container vc_col-sm-8\"><div class=\"vc_column-inner\"><div class=\"wpb_wrapper\">\n\t<div class=\"wpb_text_column wpb_content_element  wpb_animate_when_almost_visible wpb_appear appear\" >\n\t\t<div class=\"wpb_wrapper\">\n\t\t\t<h2 class=\"header ltx-sr-id-like_sc_header_14443709711869992019 ltx-sr ltx-sr-effect-fade_in ltx-sr-el-block ltx-sr-delay-0 ltx-sr-duration-1000 ltx-sr-sequences-0\" data-sr-id=\"6\">Rendiamo la tua casa efficiente e smart a costo zero.<\/h2>\n\n\t\t<\/div>\n\t<\/div>\n\n\t<div  class=\"wpb_single_image wpb_content_element vc_align_left\">\n\t\t\n\t\t<figure class=\"wpb_wrapper vc_figure\">\n\t\t\t<div class=\"vc_single_image-wrapper   vc_box_border_grey\"><img width=\"1920\" height=\"1200\" src=\"https:\/\/www.ergheia2.com\/wp-content\/uploads\/2021\/05\/eco1.jpg\" class=\"vc_single_image-img attachment-full\" alt=\"Ecobonus\" loading=\"lazy\" title=\"eco1\" srcset=\"https:\/\/www.ergheia2.com\/wp-content\/uploads\/2021\/05\/eco1.jpg 1920w, https:\/\/www.ergheia2.com\/wp-content\/uploads\/2021\/05\/eco1-300x188.jpg 300w, https:\/\/www.ergheia2.com\/wp-content\/uploads\/2021\/05\/eco1-1024x640.jpg 1024w, https:\/\/www.ergheia2.com\/wp-content\/uploads\/2021\/05\/eco1-768x480.jpg 768w, https:\/\/www.ergheia2.com\/wp-content\/uploads\/2021\/05\/eco1-1536x960.jpg 1536w, https:\/\/www.ergheia2.com\/wp-content\/uploads\/2021\/05\/eco1-600x375.jpg 600w\" sizes=\"(max-width: 1920px) 100vw, 1920px\" \/><\/div>\n\t\t<\/figure>\n\t<\/div>\n\n\t<div class=\"wpb_text_column wpb_content_element\" >\n\t\t<div class=\"wpb_wrapper\">\n\t\t\t<p class=\"p1\">Ergheia2 <span class=\"s1\">\u00e8 <\/span>una societ\u00e0 di ingegneria che opera come General Contractor nell&#8217;ambito delle attivit\u00e0 previste dalla nuova normativa SUPERBONUS1 10%, proponendo ai propri clienti una soluzione CHIAVI IN MANO.<\/p>\n<p class=\"p2\"><strong>COME OPERIAMO<br \/>\n<\/strong>Ci facciamo carico di ogni aspetto previsto dalla normativa:<\/p>\n<ul>\n<li class=\"p2\">Verifica preventiva della legittimit\u00e0 edilizio-urbanistica e catastale dell&#8217;immobile<\/li>\n<li class=\"p1\">In caso di esito positivo del punto precedente, verifica della condizione energetica attuale dell&#8217;edificio e simulazione del comportamento energetico dello stesso in relazione agli interventi previsti, al fine di accertare il miglioramento di due classi energetiche come richiesto dalla norma<\/li>\n<li class=\"p1\">Condivisione con il cliente degli interventi realizzabili<\/li>\n<li class=\"p1\">Progettazione interventi<\/li>\n<li class=\"p1\">Esecuzione dei lavori<\/li>\n<li class=\"p1\">Pratica ENEA<\/li>\n<\/ul>\n<p class=\"p2\"><strong>SCONTO IN FATTURA<\/strong><\/p>\n<p class=\"p1\">Ai sensi dell&#8217;art. 121 del Decreto Rilancio e del Provvedimento dell&#8217;Agenzia delle Entrate del 31.07.2019, prot. n. 660057\/2019 i soggetti che sostengono spese per gli interventi che accedono al <strong>Superbonus<\/strong> possono optare, in luogo diretto della detrazione, per un contributo sotto forma di <strong><span class=\"s2\">sconto sul corrispettivo <\/span><\/strong><span class=\"s2\"><strong>dovuto<\/strong>, <\/span>anticipato dal fornitore che ha effettuato gli interventi e da quest&#8217;ultimo recuperato sotto forma di credito di imposta.<\/p>\n<blockquote>\n<p class=\"p1\">Con lo <span class=\"s1\">\u00absconto in fattura\u00bb <\/span>evitiamo ai nostri clienti di anticipare i costi previsti per gli interventi<\/p>\n<\/blockquote>\n\n\t\t<\/div>\n\t<\/div>\n<div class=\"vc_separator wpb_content_element vc_separator_align_center vc_sep_width_100 vc_sep_border_width_2 vc_sep_pos_align_center vc_separator_no_text vc_sep_color_grey\" ><span class=\"vc_sep_holder vc_sep_holder_l\"><span  class=\"vc_sep_line\"><\/span><\/span><span class=\"vc_sep_holder vc_sep_holder_r\"><span  class=\"vc_sep_line\"><\/span><\/span>\n<\/div><div class=\"vc_row wpb_row vc_inner vc_row-fluid\"><div class=\"wpb_column vc_column_container vc_col-sm-2\"><div class=\"vc_column-inner\"><div class=\"wpb_wrapper\"><div class=\"vc_icon_element vc_icon_element-outer vc_icon_element-align-left\"><div class=\"vc_icon_element-inner vc_icon_element-color-blue vc_icon_element-size-md vc_icon_element-style- vc_icon_element-background-color-grey\" ><span class=\"vc_icon_element-icon fa fa-file-text-o\" ><\/span><\/div><\/div><\/div><\/div><\/div><div class=\"wpb_column vc_column_container vc_col-sm-10\"><div class=\"vc_column-inner\"><div class=\"wpb_wrapper\">\n\t<div class=\"wpb_text_column wpb_content_element\" >\n\t\t<div class=\"wpb_wrapper\">\n\t\t\t<h4><a href=\"https:\/\/www.ergheia2.com\/wp-content\/uploads\/2021\/05\/Ergheia2_Superbonus.pdf\" target=\"_blank\" rel=\"noopener noreferrer\">Scarica la Brochure dell&#8217;Ecobonus<\/a><\/h4>\n\n\t\t<\/div>\n\t<\/div>\n<\/div><\/div><\/div><\/div><\/div><\/div><\/div><div class=\"wpb_column vc_column_container vc_col-sm-4\"><div class=\"vc_column-inner\"><div class=\"wpb_wrapper\">\n\t<div class=\"wpb_text_column wpb_content_element\" >\n\t\t<div class=\"wpb_wrapper\">\n\t\t\t<h2>Contacts<\/h2>\n\n\t\t<\/div>\n\t<\/div>\n<div class=\"ltx-contact-form-7 transform- form-center form-transparent form-bg-transparent form-style- form-btn- form-btn- form-padding-default\" id=\"like_sc_contact_form_7_460174933\"><div role=\"form\" class=\"wpcf7\" id=\"wpcf7-f1555-o1\" lang=\"en-US\" dir=\"ltr\">\n<div class=\"screen-reader-response\"><p role=\"status\" aria-live=\"polite\" aria-atomic=\"true\"><\/p> <ul><\/ul><\/div>\n<form action=\"\/en\/wp-json\/wp\/v2\/pages\/5048#wpcf7-f1555-o1\" method=\"post\" class=\"wpcf7-form init\" novalidate=\"novalidate\" data-status=\"init\" data-trp-original-action=\"\/en\/wp-json\/wp\/v2\/pages\/5048#wpcf7-f1555-o1\">\n<div style=\"display: none;\">\n<input type=\"hidden\" name=\"_wpcf7\" value=\"1555\" \/>\n<input type=\"hidden\" name=\"_wpcf7_version\" value=\"5.5.6.1\" \/>\n<input type=\"hidden\" name=\"_wpcf7_locale\" value=\"en_US\" \/>\n<input type=\"hidden\" name=\"_wpcf7_unit_tag\" value=\"wpcf7-f1555-o1\" \/>\n<input type=\"hidden\" name=\"_wpcf7_container_post\" value=\"0\" \/>\n<input type=\"hidden\" name=\"_wpcf7_posted_data_hash\" value=\"\" \/>\n<\/div>\n<p><label> Name<br \/>\n    <span class=\"wpcf7-form-control-wrap your-name\"><input type=\"text\" name=\"your-name\" value=\"\" size=\"40\" class=\"wpcf7-form-control wpcf7-text wpcf7-validates-as-required\" aria-required=\"true\" aria-invalid=\"false\" \/><\/span> <\/label><\/p>\n<p><label> Surname<br \/>\n    <span class=\"wpcf7-form-control-wrap your-surname\"><input type=\"text\" name=\"your-surname\" value=\"\" size=\"40\" class=\"wpcf7-form-control wpcf7-text wpcf7-validates-as-required\" aria-required=\"true\" aria-invalid=\"false\" \/><\/span> <\/label><\/p>\n<p><label> City<br \/>\n<span class=\"wpcf7-form-control-wrap city\"><input type=\"text\" name=\"city\" value=\"\" size=\"40\" class=\"wpcf7-form-control wpcf7-text\" aria-invalid=\"false\" \/><\/span> <\/label><\/p>\n<p><label> Email<br \/>\n    <span class=\"wpcf7-form-control-wrap your-email\"><input type=\"email\" name=\"your-email\" value=\"\" size=\"40\" class=\"wpcf7-form-control wpcf7-text wpcf7-email wpcf7-validates-as-required wpcf7-validates-as-email\" aria-required=\"true\" aria-invalid=\"false\" \/><\/span> <\/label><\/p>\n<p><label> Message<br \/>\n    <span class=\"wpcf7-form-control-wrap your-message\"><textarea name=\"your-message\" cols=\"40\" rows=\"10\" class=\"wpcf7-form-control wpcf7-textarea wpcf7-validates-as-required\" aria-required=\"true\" aria-invalid=\"false\"><\/textarea><\/span> <\/label><\/p>\n<p><input type=\"submit\" value=\"Send\" class=\"wpcf7-form-control has-spinner wpcf7-submit\" \/><\/p>\n<div class=\"wpcf7-response-output\" aria-hidden=\"true\"><\/div><input type=\"hidden\" name=\"trp-form-language\" value=\"en\"\/><\/form><\/div><\/div><div class=\"es-resp\">\t<div class=\"visible-xl\" style=\"height: 64px;\"><\/div>\t<div class=\"hidden-xl hidden-md hidden-sm hidden-ms hidden-xs\" style=\"height: 64px;\"><\/div>\t<div class=\"visible-md\" style=\"height: 64px;\"><\/div>\t<div class=\"visible-sm\" style=\"height: 64px;\"><\/div>\t<div class=\"visible-ms\" style=\"height: 32px;\"><\/div>\t<div class=\"visible-xs\" style=\"height: 32px;\"><\/div><\/div><\/div><\/div><\/div><\/div>","protected":false},"excerpt":{"rendered":"Rendiamo la tua casa efficiente e smart a costo zero. Ergheia2 \u00e8 una societ\u00e0 di ingegneria che opera come General Contractor nell'ambito delle attivit\u00e0 previste dalla nuova normativa SUPERBONUS1 10%, proponendo ai propri clienti una soluzione CHIAVI IN MANO. COME OPERIAMO Ci facciamo carico di ogni aspetto previsto dalla normativa: Verifica preventiva della legittimit\u00e0 edilizio-urbanistica [...]","protected":false},"author":2,"featured_media":0,"parent":0,"menu_order":0,"comment_status":"closed","ping_status":"closed","template":"","meta":[],"yoast_head":"<!-- This site is optimized with the Yoast SEO plugin v19.0 - https:\/\/yoast.com\/wordpress\/plugins\/seo\/ -->\n<title>SuperBonus Sicuro - PELLET PER RISCALDAMENTO :: Ergheia2<\/title>\n<meta name=\"robots\" content=\"index, follow, max-snippet:-1, max-image-preview:large, max-video-preview:-1\" \/>\n<link rel=\"canonical\" href=\"https:\/\/www.ergheia2.com\/en\/superbonus_sicuro\/\" \/>\n<meta property=\"og:locale\" content=\"en_GB\" \/>\n<meta property=\"og:type\" content=\"article\" \/>\n<meta property=\"og:title\" content=\"SuperBonus Sicuro - PELLET PER RISCALDAMENTO :: Ergheia2\" \/>\n<meta property=\"og:url\" content=\"https:\/\/www.ergheia2.com\/en\/superbonus_sicuro\/\" \/>\n<meta property=\"og:site_name\" content=\"PELLET PER RISCALDAMENTO :: Ergheia2\" \/>\n<meta property=\"article:modified_time\" content=\"2021-05-27T04:50:49+00:00\" \/>\n<meta name=\"twitter:card\" content=\"summary_large_image\" \/>\n<meta name=\"twitter:label1\" content=\"Estimated reading time\" \/>\n\t<meta name=\"twitter:data1\" content=\"2 minutes\" \/>\n<script type=\"application\/ld+json\" class=\"yoast-schema-graph\">{\"@context\":\"https:\/\/schema.org\",\"@graph\":[{\"@type\":\"WebSite\",\"@id\":\"https:\/\/www.ergheia2.com\/#website\",\"url\":\"https:\/\/www.ergheia2.com\/\",\"name\":\"PELLET PER RISCALDAMENTO :: Ergheia2\",\"description\":\"PELLET PER RISCALDAMENTO\",\"potentialAction\":[{\"@type\":\"SearchAction\",\"target\":{\"@type\":\"EntryPoint\",\"urlTemplate\":\"https:\/\/www.ergheia2.com\/?s={search_term_string}\"},\"query-input\":\"required name=search_term_string\"}],\"inLanguage\":\"en-GB\"},{\"@type\":\"WebPage\",\"@id\":\"https:\/\/www.ergheia2.com\/superbonus_sicuro\/#webpage\",\"url\":\"https:\/\/www.ergheia2.com\/superbonus_sicuro\/\",\"name\":\"SuperBonus Sicuro - PELLET PER RISCALDAMENTO :: Ergheia2\",\"isPartOf\":{\"@id\":\"https:\/\/www.ergheia2.com\/#website\"},\"datePublished\":\"2021-05-15T08:13:20+00:00\",\"dateModified\":\"2021-05-27T04:50:49+00:00\",\"breadcrumb\":{\"@id\":\"https:\/\/www.ergheia2.com\/superbonus_sicuro\/#breadcrumb\"},\"inLanguage\":\"en-GB\",\"potentialAction\":[{\"@type\":\"ReadAction\",\"target\":[\"https:\/\/www.ergheia2.com\/superbonus_sicuro\/\"]}]},{\"@type\":\"BreadcrumbList\",\"@id\":\"https:\/\/www.ergheia2.com\/superbonus_sicuro\/#breadcrumb\",\"itemListElement\":[{\"@type\":\"ListItem\",\"position\":1,\"name\":\"Home\",\"item\":\"https:\/\/www.ergheia2.com\/\"},{\"@type\":\"ListItem\",\"position\":2,\"name\":\"SuperBonus Sicuro\"}]}]}<\/script>\n<!-- \/ Yoast SEO plugin. -->","yoast_head_json":{"title":"SuperBonus Sicuro - PELLET PER RISCALDAMENTO :: Ergheia2","robots":{"index":"index","follow":"follow","max-snippet":"max-snippet:-1","max-image-preview":"max-image-preview:large","max-video-preview":"max-video-preview:-1"},"canonical":"https:\/\/www.ergheia2.com\/en\/superbonus_sicuro\/","og_locale":"en_GB","og_type":"article","og_title":"SuperBonus Sicuro - PELLET PER RISCALDAMENTO :: Ergheia2","og_url":"https:\/\/www.ergheia2.com\/en\/superbonus_sicuro\/","og_site_name":"PELLET PER RISCALDAMENTO :: Ergheia2","article_modified_time":"2021-05-27T04:50:49+00:00","twitter_card":"summary_large_image","twitter_misc":{"Estimated reading time":"2 minutes"},"schema":{"@context":"https:\/\/schema.org","@graph":[{"@type":"WebSite","@id":"https:\/\/www.ergheia2.com\/#website","url":"https:\/\/www.ergheia2.com\/","name":"PELLET PER RISCALDAMENTO :: Ergheia2","description":"PELLET PER RISCALDAMENTO","potentialAction":[{"@type":"SearchAction","target":{"@type":"EntryPoint","urlTemplate":"https:\/\/www.ergheia2.com\/?s={search_term_string}"},"query-input":"required name=search_term_string"}],"inLanguage":"en-GB"},{"@type":"WebPage","@id":"https:\/\/www.ergheia2.com\/superbonus_sicuro\/#webpage","url":"https:\/\/www.ergheia2.com\/superbonus_sicuro\/","name":"SuperBonus Sicuro - PELLET PER RISCALDAMENTO :: Ergheia2","isPartOf":{"@id":"https:\/\/www.ergheia2.com\/#website"},"datePublished":"2021-05-15T08:13:20+00:00","dateModified":"2021-05-27T04:50:49+00:00","breadcrumb":{"@id":"https:\/\/www.ergheia2.com\/superbonus_sicuro\/#breadcrumb"},"inLanguage":"en-GB","potentialAction":[{"@type":"ReadAction","target":["https:\/\/www.ergheia2.com\/superbonus_sicuro\/"]}]},{"@type":"BreadcrumbList","@id":"https:\/\/www.ergheia2.com\/superbonus_sicuro\/#breadcrumb","itemListElement":[{"@type":"ListItem","position":1,"name":"Home","item":"https:\/\/www.ergheia2.com\/"},{"@type":"ListItem","position":2,"name":"SuperBonus Sicuro"}]}]}},"_links":{"self":[{"href":"https:\/\/www.ergheia2.com\/en\/wp-json\/wp\/v2\/pages\/5048"}],"collection":[{"href":"https:\/\/www.ergheia2.com\/en\/wp-json\/wp\/v2\/pages"}],"about":[{"href":"https:\/\/www.ergheia2.com\/en\/wp-json\/wp\/v2\/types\/page"}],"author":[{"embeddable":true,"href":"https:\/\/www.ergheia2.com\/en\/wp-json\/wp\/v2\/users\/2"}],"replies":[{"embeddable":true,"href":"https:\/\/www.ergheia2.com\/en\/wp-json\/wp\/v2\/comments?post=5048"}],"version-history":[{"count":0,"href":"https:\/\/www.ergheia2.com\/en\/wp-json\/wp\/v2\/pages\/5048\/revisions"}],"wp:attachment":[{"href":"https:\/\/www.ergheia2.com\/en\/wp-json\/wp\/v2\/media?parent=5048"}],"curies":[{"name":"wp","href":"https:\/\/api.w.org\/{rel}","templated":true}]}}